{"id":4729,"date":"2017-08-13T15:15:34","date_gmt":"2017-08-13T15:15:34","guid":{"rendered":"https:\/\/dwo.co.il\/about\/"},"modified":"2022-01-17T12:48:44","modified_gmt":"2022-01-17T12:48:44","slug":"about","status":"publish","type":"page","link":"https:\/\/dwo.co.il\/de\/about\/","title":{"rendered":"\u00dcber uns"},"content":{"rendered":"\t\t<div data-elementor-type=\"wp-post\" data-elementor-id=\"4729\" class=\"elementor elementor-4729 elementor-757\" data-elementor-post-type=\"page\">\n\t\t\t\t\t\t<section class=\"elementor-section elementor-top-section elementor-element elementor-element-ejjpznb elementor-section-boxed elementor-section-height-default elementor-section-height-default\" data-id=\"ejjpznb\" data-element_type=\"section\" data-e-type=\"section\" data-settings=\"{&quot;background_background&quot;:&quot;classic&quot;}\">\n\t\t\t\t\t\t<div class=\"elementor-container elementor-column-gap-default\">\n\t\t\t\t\t<div class=\"elementor-column elementor-col-100 elementor-top-column elementor-element elementor-element-uxtetjp\" data-id=\"uxtetjp\" data-element_type=\"column\" data-e-type=\"column\">\n\t\t\t<div class=\"elementor-widget-wrap elementor-element-populated\">\n\t\t\t\t\t\t<div class=\"elementor-element elementor-element-ddcgvad bg_image elementor-widget elementor-widget-text-editor\" data-id=\"ddcgvad\" data-element_type=\"widget\" data-e-type=\"widget\" data-widget_type=\"text-editor.default\">\n\t\t\t\t<div class=\"elementor-widget-container\">\n\t\t\t\t\t\t\t\t\t<p><b>Drori Stav &amp; Co., Advocates and Patent Attorneys (DWO) ist eine Anwaltskanzlei f\u00fcr geistiges Eigentum, die alle Aspekte des IP-, Technologie-, Internet- und Computerrechts vertritt.<\/b><\/p>\n<p><span style=\"color: #ffff99;\"><b>Umfassende Erfahrungen<\/b><\/span>: Die Firma wurde 2009 von Adv. Dr. Yonatan Drori und Adv. YotamWerzansky-Orland gegr\u00fcndet, beide geh\u00f6ren zu f\u00fchrenden IP-Anw\u00e4lten Israels. Yonatan und Yotam sind die Autoren einer Reihe von B\u00fcchern auf dem Gebiet des IP- und Internetrechts. Diese B\u00fccher wurden in verschiedenen Gerichtsentscheidungen von dem Obersten Gericht und Bezirksgerichts zitiert. Yonatan und Yotam haben f\u00fchrende Unternehmen (national und international) in komplexen, hochkar\u00e4tigen IP-F\u00e4llen mit Schwerpunkten auf Patent-, Design-, Trademark und Urheberrechtsf\u00e4llen vertreten.<\/p>\n<p><span style=\"color: #ffff99;\"><b>Internationale Anerkennung<\/b><\/span>: Die Kanzlei hat einen langj\u00e4hrigen guten Ruf und wurde im Laufe der Jahre von Legal 500, Chambers and Partners, Dunn &amp; Bradstreet (Dun&#8217;s 100), BDI Coface, IP Stars und anderen als eine der f\u00fchrenden IP-Kanzleien Israels eingestuft.<\/p>\n<p><span style=\"color: #ffff99;\"><b>Clientelle der Kanzlei<\/b><\/span>: Die Kanzlei vertritt ein breites Spektrum von Mandanten, darunter international bekannte Hi-Tech- und Startup-Unternehmen in fortgeschrittenen Investment-Rekrutierungsphasen, \u00f6ffentliche Unternehmen, Erfinder, Unternehmer, Museen, Galerien und Designer auf der ganzen Welt. Die Mandanten der Kanzlei werden von den Mitarbeitern der Kanzlei pers\u00f6nlich betreut, wie es von einer f\u00fchrenden IP-Boutique-Kanzlei erwartet wird.<\/p>\n<p><span style=\"color: #ffff99;\"><b>Patentanmeldungen und Rechtsstreitigkeiten<\/b><\/span>: Die professionelle Zusammenarbeit zwischen Anw\u00e4lten und Patentanw\u00e4lten dient den Interessen der Kanzlei. Vor jeder Anklage oder Prozessf\u00fchrung wird ein &#8222;Ad-hoc&#8220;-Team von Rechtsanw\u00e4lten und Patentanw\u00e4lten mit der Ausarbeitung einer Strategie beauftragt, die sowohl auf juristischen als auch auf wissenschaftlichen Gutachten beruht. Diese Kombination aus juristischer und wissenschaftlicher Expertise ist das Geheimnis f\u00fcr den Erfolg der Kanzlei auf dem Gebiet der Patente und bietet einen umfassenden Schutz des geistigen Eigentums ihrer Mandanten.<\/p>\n<p><span style=\"color: #ffff99;\"><b>Die Kompetenzfelder der Kanzlei<\/b><\/span>: Die Kanzlei bietet ihren Mandanten alle Aspekte des Gewerblichen Rechtsschutzes an: Prosecution (Ausarbeitung und Einreichung von Patent-, Marken- und Designanmeldungen weltweit), Litigation (einstweilige Verf\u00fcgungen, komplexe und hochkar\u00e4tige Rechtsstreitigkeiten, Patent-, Marken- und Designstreitigkeiten in verschiedenen Patentbeh\u00f6rden) und Commercial Work (Erstellung von umfangreichen Vertr\u00e4gen, Due Diligence-Verfahren zur Abwicklung von Transaktionen und Verhandlungen, Erstellung von Gesch\u00e4ftsbedingungen und Datenschutzrichtlinien, Domainstreitigkeiten, etc.<\/p>\t\t\t\t\t\t\t\t<\/div>\n\t\t\t\t<\/div>\n\t\t\t\t\t<\/div>\n\t\t<\/div>\n\t\t\t\t\t<\/div>\n\t\t<\/section>\n\t\t\t\t<\/div>\n\t\t","protected":false},"excerpt":{"rendered":"<p>Drori Stav &amp; Co., Advocates and Patent Attorneys (DWO) ist eine Anwaltskanzlei f\u00fcr geistiges Eigentum, die alle Aspekte des IP-, Technologie-, Internet- und Computerrechts vertritt. Umfassende Erfahrungen: Die Firma wurde 2009 von Adv. Dr. Yonatan Drori und Adv. YotamWerzansky-Orland gegr\u00fcndet, beide geh\u00f6ren zu f\u00fchrenden IP-Anw\u00e4lten Israels. Yonatan und Yotam sind die Autoren einer Reihe von [&hellip;]<\/p>\n","protected":false},"author":1,"featured_media":0,"parent":0,"menu_order":0,"comment_status":"closed","ping_status":"closed","template":"","meta":{"footnotes":""},"class_list":["post-4729","page","type-page","status-publish","hentry"],"yoast_head":"<!-- This site is optimized with the Yoast SEO plugin v27.5 - https:\/\/yoast.com\/product\/yoast-seo-wordpress\/ -->\n<title>\u00dcber uns - DWO<\/title>\n<meta name=\"robots\" content=\"index, follow, max-snippet:-1, max-image-preview:large, max-video-preview:-1\" \/>\n<link rel=\"canonical\" href=\"https:\/\/dwo.co.il\/de\/about\/\" \/>\n<meta property=\"og:locale\" content=\"de_DE\" \/>\n<meta property=\"og:type\" content=\"article\" \/>\n<meta property=\"og:title\" content=\"\u00dcber uns - DWO\" \/>\n<meta property=\"og:description\" content=\"Drori Stav &amp; Co., Advocates and Patent Attorneys (DWO) ist eine Anwaltskanzlei f\u00fcr geistiges Eigentum, die alle Aspekte des IP-, Technologie-, Internet- und Computerrechts vertritt. Umfassende Erfahrungen: Die Firma wurde 2009 von Adv. Dr. Yonatan Drori und Adv. YotamWerzansky-Orland gegr\u00fcndet, beide geh\u00f6ren zu f\u00fchrenden IP-Anw\u00e4lten Israels. Yonatan und Yotam sind die Autoren einer Reihe von [&hellip;]\" \/>\n<meta property=\"og:url\" content=\"https:\/\/dwo.co.il\/de\/about\/\" \/>\n<meta property=\"og:site_name\" content=\"DWO\" \/>\n<meta property=\"article:publisher\" content=\"https:\/\/www.facebook.com\/dwolaw\/\" \/>\n<meta property=\"article:modified_time\" content=\"2022-01-17T12:48:44+00:00\" \/>\n<meta property=\"og:image\" content=\"https:\/\/dwo.co.il\/wp-content\/uploads\/2020\/04\/Drori-Stav-logo-2.png\" \/>\n\t<meta property=\"og:image:width\" content=\"1348\" \/>\n\t<meta property=\"og:image:height\" content=\"846\" \/>\n\t<meta property=\"og:image:type\" content=\"image\/png\" \/>\n<meta name=\"twitter:card\" content=\"summary_large_image\" \/>\n<meta name=\"twitter:label1\" content=\"Gesch\u00e4tzte Lesezeit\" \/>\n\t<meta name=\"twitter:data1\" content=\"2 Minuten\" \/>\n<script type=\"application\/ld+json\" class=\"yoast-schema-graph\">{\"@context\":\"https:\\\/\\\/schema.org\",\"@graph\":[{\"@type\":\"WebPage\",\"@id\":\"https:\\\/\\\/dwo.co.il\\\/de\\\/about\\\/\",\"url\":\"https:\\\/\\\/dwo.co.il\\\/de\\\/about\\\/\",\"name\":\"\u00dcber uns - DWO\",\"isPartOf\":{\"@id\":\"https:\\\/\\\/dwo.co.il\\\/de\\\/#website\"},\"datePublished\":\"2017-08-13T15:15:34+00:00\",\"dateModified\":\"2022-01-17T12:48:44+00:00\",\"breadcrumb\":{\"@id\":\"https:\\\/\\\/dwo.co.il\\\/de\\\/about\\\/#breadcrumb\"},\"inLanguage\":\"de-DE\",\"potentialAction\":[{\"@type\":\"ReadAction\",\"target\":[\"https:\\\/\\\/dwo.co.il\\\/de\\\/about\\\/\"]}]},{\"@type\":\"BreadcrumbList\",\"@id\":\"https:\\\/\\\/dwo.co.il\\\/de\\\/about\\\/#breadcrumb\",\"itemListElement\":[{\"@type\":\"ListItem\",\"position\":1,\"name\":\"Home\",\"item\":\"https:\\\/\\\/dwo.co.il\\\/de\\\/drori-werzansky-orland-advocates-patent-attorneys\\\/\"},{\"@type\":\"ListItem\",\"position\":2,\"name\":\"\u00dcber uns\"}]},{\"@type\":\"WebSite\",\"@id\":\"https:\\\/\\\/dwo.co.il\\\/de\\\/#website\",\"url\":\"https:\\\/\\\/dwo.co.il\\\/de\\\/\",\"name\":\"DWO\",\"description\":\"Boutique IP Law Firm Specializing in Patents,Trademarks, Copyrights and High-tech\",\"publisher\":{\"@id\":\"https:\\\/\\\/dwo.co.il\\\/de\\\/#organization\"},\"potentialAction\":[{\"@type\":\"SearchAction\",\"target\":{\"@type\":\"EntryPoint\",\"urlTemplate\":\"https:\\\/\\\/dwo.co.il\\\/de\\\/?s={search_term_string}\"},\"query-input\":{\"@type\":\"PropertyValueSpecification\",\"valueRequired\":true,\"valueName\":\"search_term_string\"}}],\"inLanguage\":\"de-DE\"},{\"@type\":\"Organization\",\"@id\":\"https:\\\/\\\/dwo.co.il\\\/de\\\/#organization\",\"name\":\"Drori-Stav & Co\",\"url\":\"https:\\\/\\\/dwo.co.il\\\/de\\\/\",\"logo\":{\"@type\":\"ImageObject\",\"inLanguage\":\"de-DE\",\"@id\":\"https:\\\/\\\/dwo.co.il\\\/de\\\/#\\\/schema\\\/logo\\\/image\\\/\",\"url\":\"https:\\\/\\\/dwo.co.il\\\/wp-content\\\/uploads\\\/2020\\\/04\\\/Drori-Stav-logo-2.png\",\"contentUrl\":\"https:\\\/\\\/dwo.co.il\\\/wp-content\\\/uploads\\\/2020\\\/04\\\/Drori-Stav-logo-2.png\",\"width\":1348,\"height\":846,\"caption\":\"Drori-Stav & Co\"},\"image\":{\"@id\":\"https:\\\/\\\/dwo.co.il\\\/de\\\/#\\\/schema\\\/logo\\\/image\\\/\"},\"sameAs\":[\"https:\\\/\\\/www.facebook.com\\\/dwolaw\\\/\",\"https:\\\/\\\/www.linkedin.com\\\/company\\\/1041340\\\/\"]}]}<\/script>\n<!-- \/ Yoast SEO plugin. -->","yoast_head_json":{"title":"\u00dcber uns - DWO","robots":{"index":"index","follow":"follow","max-snippet":"max-snippet:-1","max-image-preview":"max-image-preview:large","max-video-preview":"max-video-preview:-1"},"canonical":"https:\/\/dwo.co.il\/de\/about\/","og_locale":"de_DE","og_type":"article","og_title":"\u00dcber uns - DWO","og_description":"Drori Stav &amp; Co., Advocates and Patent Attorneys (DWO) ist eine Anwaltskanzlei f\u00fcr geistiges Eigentum, die alle Aspekte des IP-, Technologie-, Internet- und Computerrechts vertritt. Umfassende Erfahrungen: Die Firma wurde 2009 von Adv. Dr. Yonatan Drori und Adv. YotamWerzansky-Orland gegr\u00fcndet, beide geh\u00f6ren zu f\u00fchrenden IP-Anw\u00e4lten Israels. Yonatan und Yotam sind die Autoren einer Reihe von [&hellip;]","og_url":"https:\/\/dwo.co.il\/de\/about\/","og_site_name":"DWO","article_publisher":"https:\/\/www.facebook.com\/dwolaw\/","article_modified_time":"2022-01-17T12:48:44+00:00","og_image":[{"width":1348,"height":846,"url":"https:\/\/dwo.co.il\/wp-content\/uploads\/2020\/04\/Drori-Stav-logo-2.png","type":"image\/png"}],"twitter_card":"summary_large_image","twitter_misc":{"Gesch\u00e4tzte Lesezeit":"2 Minuten"},"schema":{"@context":"https:\/\/schema.org","@graph":[{"@type":"WebPage","@id":"https:\/\/dwo.co.il\/de\/about\/","url":"https:\/\/dwo.co.il\/de\/about\/","name":"\u00dcber uns - DWO","isPartOf":{"@id":"https:\/\/dwo.co.il\/de\/#website"},"datePublished":"2017-08-13T15:15:34+00:00","dateModified":"2022-01-17T12:48:44+00:00","breadcrumb":{"@id":"https:\/\/dwo.co.il\/de\/about\/#breadcrumb"},"inLanguage":"de-DE","potentialAction":[{"@type":"ReadAction","target":["https:\/\/dwo.co.il\/de\/about\/"]}]},{"@type":"BreadcrumbList","@id":"https:\/\/dwo.co.il\/de\/about\/#breadcrumb","itemListElement":[{"@type":"ListItem","position":1,"name":"Home","item":"https:\/\/dwo.co.il\/de\/drori-werzansky-orland-advocates-patent-attorneys\/"},{"@type":"ListItem","position":2,"name":"\u00dcber uns"}]},{"@type":"WebSite","@id":"https:\/\/dwo.co.il\/de\/#website","url":"https:\/\/dwo.co.il\/de\/","name":"DWO","description":"Boutique IP Law Firm Specializing in Patents,Trademarks, Copyrights and High-tech","publisher":{"@id":"https:\/\/dwo.co.il\/de\/#organization"},"potentialAction":[{"@type":"SearchAction","target":{"@type":"EntryPoint","urlTemplate":"https:\/\/dwo.co.il\/de\/?s={search_term_string}"},"query-input":{"@type":"PropertyValueSpecification","valueRequired":true,"valueName":"search_term_string"}}],"inLanguage":"de-DE"},{"@type":"Organization","@id":"https:\/\/dwo.co.il\/de\/#organization","name":"Drori-Stav & Co","url":"https:\/\/dwo.co.il\/de\/","logo":{"@type":"ImageObject","inLanguage":"de-DE","@id":"https:\/\/dwo.co.il\/de\/#\/schema\/logo\/image\/","url":"https:\/\/dwo.co.il\/wp-content\/uploads\/2020\/04\/Drori-Stav-logo-2.png","contentUrl":"https:\/\/dwo.co.il\/wp-content\/uploads\/2020\/04\/Drori-Stav-logo-2.png","width":1348,"height":846,"caption":"Drori-Stav & Co"},"image":{"@id":"https:\/\/dwo.co.il\/de\/#\/schema\/logo\/image\/"},"sameAs":["https:\/\/www.facebook.com\/dwolaw\/","https:\/\/www.linkedin.com\/company\/1041340\/"]}]}},"_links":{"self":[{"href":"https:\/\/dwo.co.il\/de\/wp-json\/wp\/v2\/pages\/4729","targetHints":{"allow":["GET"]}}],"collection":[{"href":"https:\/\/dwo.co.il\/de\/wp-json\/wp\/v2\/pages"}],"about":[{"href":"https:\/\/dwo.co.il\/de\/wp-json\/wp\/v2\/types\/page"}],"author":[{"embeddable":true,"href":"https:\/\/dwo.co.il\/de\/wp-json\/wp\/v2\/users\/1"}],"replies":[{"embeddable":true,"href":"https:\/\/dwo.co.il\/de\/wp-json\/wp\/v2\/comments?post=4729"}],"version-history":[{"count":0,"href":"https:\/\/dwo.co.il\/de\/wp-json\/wp\/v2\/pages\/4729\/revisions"}],"wp:attachment":[{"href":"https:\/\/dwo.co.il\/de\/wp-json\/wp\/v2\/media?parent=4729"}],"curies":[{"name":"wp","href":"https:\/\/api.w.org\/{rel}","templated":true}]}}