{"id":4206,"date":"2018-01-02T08:28:00","date_gmt":"2018-01-02T08:28:00","guid":{"rendered":"https:\/\/dwo.co.il\/?page_id=4206"},"modified":"2022-01-17T12:46:05","modified_gmt":"2022-01-17T12:46:05","slug":"sobre-nosotros","status":"publish","type":"page","link":"https:\/\/dwo.co.il\/es\/sobre-nosotros\/","title":{"rendered":"Sobre nosotros"},"content":{"rendered":"\t\t<div data-elementor-type=\"wp-post\" data-elementor-id=\"4206\" class=\"elementor elementor-4206 elementor-757\" data-elementor-post-type=\"page\">\n\t\t\t\t\t\t<section class=\"elementor-section elementor-top-section elementor-element elementor-element-67851973 elementor-section-boxed elementor-section-height-default elementor-section-height-default\" data-id=\"67851973\" data-element_type=\"section\" data-e-type=\"section\" data-settings=\"{&quot;background_background&quot;:&quot;classic&quot;}\">\n\t\t\t\t\t\t<div class=\"elementor-container elementor-column-gap-default\">\n\t\t\t\t\t<div class=\"elementor-column elementor-col-100 elementor-top-column elementor-element elementor-element-46ea1321\" data-id=\"46ea1321\" data-element_type=\"column\" data-e-type=\"column\">\n\t\t\t<div class=\"elementor-widget-wrap elementor-element-populated\">\n\t\t\t\t\t\t<div class=\"elementor-element elementor-element-24417e33 bg_image elementor-widget elementor-widget-text-editor\" data-id=\"24417e33\" data-element_type=\"widget\" data-e-type=\"widget\" data-widget_type=\"text-editor.default\">\n\t\t\t\t<div class=\"elementor-widget-container\">\n\t\t\t\t\t\t\t\t\t<p><strong>Drori &#8211; Werzansky &#8211; Orland, Abogados y Patentes (DWO) es una firma boutique de abogados de Propiedad Intelectual que practica todos los aspectos de la propiedad intelectual, la tecnolog\u00eda, Internet y la ley inform\u00e1tica.<\/strong><\/p><p><span style=\"color: #ffff99;\"><span style=\"text-decoration: underline;\"><strong>Amplia experiencia<\/strong><\/span>:<\/span> la firma fue fundada en 2009 por Adv. Dr. Yonatan Drori y Adv. Yotam Werzansky-Orland, ambos clasificados entre los principales abogados de Propiedad Intelectual de Israel. Yonatan y Yotam son los autores de una serie de libros en los campos de la propiedad intelectual y la ley de Internet. Estos libros fueron citados en varias decisiones de la Corte Suprema y cortes de distrito. Yonatan y Yotam han representado a empresas l\u00edderes (nacionales e internacionales) en casos complejos de Propiedad Intelectual de alto perfil que se centran en asuntos de patentes, dise\u00f1os, marcas comerciales y derechos de autor.<\/p><p><span style=\"color: #ffff99;\"><span style=\"text-decoration: underline;\"><strong>Reconocimiento internacional<\/strong><\/span>:<\/span> La firma tiene buena reputaci\u00f3n y a lo largo de los a\u00f1os dese su fundaci\u00f3m, Legal 500, Chambers and Partners, Dunn &amp; Bradstreet (Dun&#8217;s 100), BDI Coface, IP Stars y otros, han sido clasificado la firma como una de las principales firmas de abogados de propiedad intelectual de Israel.<\/p><p><span style=\"color: #ffff99;\"><span style=\"text-decoration: underline;\"><strong>La clientela de la firma<\/strong><\/span>:<\/span> la firma representa a un amplio espectro de clientes, incluidas las empresas Hi-Tech y Startup internacionalmente reconocidas en etapas avanzadas de contrataci\u00f3n de inversiones, empresas p\u00fablicas, inventores, empresarios, museos, galer\u00edas y dise\u00f1adores de todo el mundo. Los clientes de la firma reciben un servicio cercano y personal del personal de la firma, como se espera de una firma l\u00edder de abogados de PI.<\/p><p><span style=\"color: #ffff99;\"><span style=\"text-decoration: underline;\"><strong>La singularidad de nuestros servicios de prosecusi\u00f3n y litigio de patentes<\/strong><\/span>:<\/span> la colaboraci\u00f3n profesional exclusiva de la firma entre abogados y abogados de patentes atiende los intereses de la clientela de la firma. Antes de cualquier proceso de prosecusi\u00f3n o litigio, se asigna un equipo \u00abad hoc\u00bb de abogados y abogados de patentes al caso, con lo que se elabora una estrategia basada en opiniones legales y cient\u00edficas. Esta combinaci\u00f3n de experiencia legal y cient\u00edfica profesional es el secreto detr\u00e1s del \u00e9xito de la empresa en el campo de las patentes y proporciona una amplia protecci\u00f3n para los activos de propiedad intelectual de los clientes de la empresa.<\/p><p><span style=\"color: #ffff99;\"><span style=\"text-decoration: underline;\"><strong>Los campos de especializaci\u00f3n de la firma<\/strong><\/span>:<\/span> la firma ofrece a sus clientes todos los aspectos de la ley de propiedad intelectual: prosecusi\u00f3n (redacci\u00f3n y presentaci\u00f3n de aplicaciones de patentes, marcas comericales y dise\u00f1os en todo el mundo), litigios (medidas cautelares, procedimientos complejos y de alto perfil, y litigio de patentes, marcas comerciales y dise\u00f1os en diversas autoridades de patentes) y trabajo comercial (redacci\u00f3n de extensos acuerdos, procedimientos de debida diligencia, gestionando transacciones y negociaciones, redacci\u00f3n de t\u00e9rminos y condiciones de uso y pol\u00edticas de privacidad, disputas de nombres de dominio, etc.).<\/p>\t\t\t\t\t\t\t\t<\/div>\n\t\t\t\t<\/div>\n\t\t\t\t\t<\/div>\n\t\t<\/div>\n\t\t\t\t\t<\/div>\n\t\t<\/section>\n\t\t\t\t<\/div>\n\t\t","protected":false},"excerpt":{"rendered":"<p>Drori &#8211; Werzansky &#8211; Orland, Abogados y Patentes (DWO) es una firma boutique de abogados de Propiedad Intelectual que practica todos los aspectos de la propiedad intelectual, la tecnolog\u00eda, Internet y la ley inform\u00e1tica. Amplia experiencia: la firma fue fundada en 2009 por Adv. Dr. Yonatan Drori y Adv. Yotam Werzansky-Orland, ambos clasificados entre los [&hellip;]<\/p>\n","protected":false},"author":2,"featured_media":0,"parent":0,"menu_order":0,"comment_status":"closed","ping_status":"closed","template":"","meta":{"footnotes":""},"class_list":["post-4206","page","type-page","status-publish","hentry"],"yoast_head":"<!-- This site is optimized with the Yoast SEO plugin v27.4 - https:\/\/yoast.com\/product\/yoast-seo-wordpress\/ -->\n<title>Sobre nosotros - DWO<\/title>\n<meta name=\"robots\" content=\"index, follow, max-snippet:-1, max-image-preview:large, max-video-preview:-1\" \/>\n<link rel=\"canonical\" href=\"https:\/\/dwo.co.il\/es\/sobre-nosotros\/\" \/>\n<meta property=\"og:locale\" content=\"es_ES\" \/>\n<meta property=\"og:type\" content=\"article\" \/>\n<meta property=\"og:title\" content=\"Sobre nosotros - DWO\" \/>\n<meta property=\"og:description\" content=\"Drori &#8211; Werzansky &#8211; Orland, Abogados y Patentes (DWO) es una firma boutique de abogados de Propiedad Intelectual que practica todos los aspectos de la propiedad intelectual, la tecnolog\u00eda, Internet y la ley inform\u00e1tica. Amplia experiencia: la firma fue fundada en 2009 por Adv. Dr. Yonatan Drori y Adv. Yotam Werzansky-Orland, ambos clasificados entre los [&hellip;]\" \/>\n<meta property=\"og:url\" content=\"https:\/\/dwo.co.il\/es\/sobre-nosotros\/\" \/>\n<meta property=\"og:site_name\" content=\"DWO\" \/>\n<meta property=\"article:publisher\" content=\"https:\/\/www.facebook.com\/dwolaw\/\" \/>\n<meta property=\"article:modified_time\" content=\"2022-01-17T12:46:05+00:00\" \/>\n<meta property=\"og:image\" content=\"https:\/\/dwo.co.il\/wp-content\/uploads\/2020\/04\/Drori-Stav-logo-2.png\" \/>\n\t<meta property=\"og:image:width\" content=\"1348\" \/>\n\t<meta property=\"og:image:height\" content=\"846\" \/>\n\t<meta property=\"og:image:type\" content=\"image\/png\" \/>\n<meta name=\"twitter:card\" content=\"summary_large_image\" \/>\n<meta name=\"twitter:label1\" content=\"Tiempo de lectura\" \/>\n\t<meta name=\"twitter:data1\" content=\"3 minutos\" \/>\n<script type=\"application\/ld+json\" class=\"yoast-schema-graph\">{\"@context\":\"https:\\\/\\\/schema.org\",\"@graph\":[{\"@type\":\"WebPage\",\"@id\":\"https:\\\/\\\/dwo.co.il\\\/es\\\/sobre-nosotros\\\/\",\"url\":\"https:\\\/\\\/dwo.co.il\\\/es\\\/sobre-nosotros\\\/\",\"name\":\"Sobre nosotros - DWO\",\"isPartOf\":{\"@id\":\"https:\\\/\\\/dwo.co.il\\\/es\\\/#website\"},\"datePublished\":\"2018-01-02T08:28:00+00:00\",\"dateModified\":\"2022-01-17T12:46:05+00:00\",\"breadcrumb\":{\"@id\":\"https:\\\/\\\/dwo.co.il\\\/es\\\/sobre-nosotros\\\/#breadcrumb\"},\"inLanguage\":\"es\",\"potentialAction\":[{\"@type\":\"ReadAction\",\"target\":[\"https:\\\/\\\/dwo.co.il\\\/es\\\/sobre-nosotros\\\/\"]}]},{\"@type\":\"BreadcrumbList\",\"@id\":\"https:\\\/\\\/dwo.co.il\\\/es\\\/sobre-nosotros\\\/#breadcrumb\",\"itemListElement\":[{\"@type\":\"ListItem\",\"position\":1,\"name\":\"Home\",\"item\":\"https:\\\/\\\/dwo.co.il\\\/es\\\/drori-werzansky-orland-advocates-patent-attorneys\\\/\"},{\"@type\":\"ListItem\",\"position\":2,\"name\":\"Sobre nosotros\"}]},{\"@type\":\"WebSite\",\"@id\":\"https:\\\/\\\/dwo.co.il\\\/es\\\/#website\",\"url\":\"https:\\\/\\\/dwo.co.il\\\/es\\\/\",\"name\":\"DWO\",\"description\":\"Boutique IP Law Firm Specializing in Patents,Trademarks, Copyrights and High-tech\",\"publisher\":{\"@id\":\"https:\\\/\\\/dwo.co.il\\\/es\\\/#organization\"},\"potentialAction\":[{\"@type\":\"SearchAction\",\"target\":{\"@type\":\"EntryPoint\",\"urlTemplate\":\"https:\\\/\\\/dwo.co.il\\\/es\\\/?s={search_term_string}\"},\"query-input\":{\"@type\":\"PropertyValueSpecification\",\"valueRequired\":true,\"valueName\":\"search_term_string\"}}],\"inLanguage\":\"es\"},{\"@type\":\"Organization\",\"@id\":\"https:\\\/\\\/dwo.co.il\\\/es\\\/#organization\",\"name\":\"Drori-Stav & Co\",\"url\":\"https:\\\/\\\/dwo.co.il\\\/es\\\/\",\"logo\":{\"@type\":\"ImageObject\",\"inLanguage\":\"es\",\"@id\":\"https:\\\/\\\/dwo.co.il\\\/es\\\/#\\\/schema\\\/logo\\\/image\\\/\",\"url\":\"https:\\\/\\\/dwo.co.il\\\/wp-content\\\/uploads\\\/2020\\\/04\\\/Drori-Stav-logo-2.png\",\"contentUrl\":\"https:\\\/\\\/dwo.co.il\\\/wp-content\\\/uploads\\\/2020\\\/04\\\/Drori-Stav-logo-2.png\",\"width\":1348,\"height\":846,\"caption\":\"Drori-Stav & Co\"},\"image\":{\"@id\":\"https:\\\/\\\/dwo.co.il\\\/es\\\/#\\\/schema\\\/logo\\\/image\\\/\"},\"sameAs\":[\"https:\\\/\\\/www.facebook.com\\\/dwolaw\\\/\",\"https:\\\/\\\/www.linkedin.com\\\/company\\\/1041340\\\/\"]}]}<\/script>\n<!-- \/ Yoast SEO plugin. -->","yoast_head_json":{"title":"Sobre nosotros - DWO","robots":{"index":"index","follow":"follow","max-snippet":"max-snippet:-1","max-image-preview":"max-image-preview:large","max-video-preview":"max-video-preview:-1"},"canonical":"https:\/\/dwo.co.il\/es\/sobre-nosotros\/","og_locale":"es_ES","og_type":"article","og_title":"Sobre nosotros - DWO","og_description":"Drori &#8211; Werzansky &#8211; Orland, Abogados y Patentes (DWO) es una firma boutique de abogados de Propiedad Intelectual que practica todos los aspectos de la propiedad intelectual, la tecnolog\u00eda, Internet y la ley inform\u00e1tica. Amplia experiencia: la firma fue fundada en 2009 por Adv. Dr. Yonatan Drori y Adv. Yotam Werzansky-Orland, ambos clasificados entre los [&hellip;]","og_url":"https:\/\/dwo.co.il\/es\/sobre-nosotros\/","og_site_name":"DWO","article_publisher":"https:\/\/www.facebook.com\/dwolaw\/","article_modified_time":"2022-01-17T12:46:05+00:00","og_image":[{"width":1348,"height":846,"url":"https:\/\/dwo.co.il\/wp-content\/uploads\/2020\/04\/Drori-Stav-logo-2.png","type":"image\/png"}],"twitter_card":"summary_large_image","twitter_misc":{"Tiempo de lectura":"3 minutos"},"schema":{"@context":"https:\/\/schema.org","@graph":[{"@type":"WebPage","@id":"https:\/\/dwo.co.il\/es\/sobre-nosotros\/","url":"https:\/\/dwo.co.il\/es\/sobre-nosotros\/","name":"Sobre nosotros - DWO","isPartOf":{"@id":"https:\/\/dwo.co.il\/es\/#website"},"datePublished":"2018-01-02T08:28:00+00:00","dateModified":"2022-01-17T12:46:05+00:00","breadcrumb":{"@id":"https:\/\/dwo.co.il\/es\/sobre-nosotros\/#breadcrumb"},"inLanguage":"es","potentialAction":[{"@type":"ReadAction","target":["https:\/\/dwo.co.il\/es\/sobre-nosotros\/"]}]},{"@type":"BreadcrumbList","@id":"https:\/\/dwo.co.il\/es\/sobre-nosotros\/#breadcrumb","itemListElement":[{"@type":"ListItem","position":1,"name":"Home","item":"https:\/\/dwo.co.il\/es\/drori-werzansky-orland-advocates-patent-attorneys\/"},{"@type":"ListItem","position":2,"name":"Sobre nosotros"}]},{"@type":"WebSite","@id":"https:\/\/dwo.co.il\/es\/#website","url":"https:\/\/dwo.co.il\/es\/","name":"DWO","description":"Boutique IP Law Firm Specializing in Patents,Trademarks, Copyrights and High-tech","publisher":{"@id":"https:\/\/dwo.co.il\/es\/#organization"},"potentialAction":[{"@type":"SearchAction","target":{"@type":"EntryPoint","urlTemplate":"https:\/\/dwo.co.il\/es\/?s={search_term_string}"},"query-input":{"@type":"PropertyValueSpecification","valueRequired":true,"valueName":"search_term_string"}}],"inLanguage":"es"},{"@type":"Organization","@id":"https:\/\/dwo.co.il\/es\/#organization","name":"Drori-Stav & Co","url":"https:\/\/dwo.co.il\/es\/","logo":{"@type":"ImageObject","inLanguage":"es","@id":"https:\/\/dwo.co.il\/es\/#\/schema\/logo\/image\/","url":"https:\/\/dwo.co.il\/wp-content\/uploads\/2020\/04\/Drori-Stav-logo-2.png","contentUrl":"https:\/\/dwo.co.il\/wp-content\/uploads\/2020\/04\/Drori-Stav-logo-2.png","width":1348,"height":846,"caption":"Drori-Stav & Co"},"image":{"@id":"https:\/\/dwo.co.il\/es\/#\/schema\/logo\/image\/"},"sameAs":["https:\/\/www.facebook.com\/dwolaw\/","https:\/\/www.linkedin.com\/company\/1041340\/"]}]}},"_links":{"self":[{"href":"https:\/\/dwo.co.il\/es\/wp-json\/wp\/v2\/pages\/4206","targetHints":{"allow":["GET"]}}],"collection":[{"href":"https:\/\/dwo.co.il\/es\/wp-json\/wp\/v2\/pages"}],"about":[{"href":"https:\/\/dwo.co.il\/es\/wp-json\/wp\/v2\/types\/page"}],"author":[{"embeddable":true,"href":"https:\/\/dwo.co.il\/es\/wp-json\/wp\/v2\/users\/2"}],"replies":[{"embeddable":true,"href":"https:\/\/dwo.co.il\/es\/wp-json\/wp\/v2\/comments?post=4206"}],"version-history":[{"count":0,"href":"https:\/\/dwo.co.il\/es\/wp-json\/wp\/v2\/pages\/4206\/revisions"}],"wp:attachment":[{"href":"https:\/\/dwo.co.il\/es\/wp-json\/wp\/v2\/media?parent=4206"}],"curies":[{"name":"wp","href":"https:\/\/api.w.org\/{rel}","templated":true}]}}